{"id":3,"date":"2023-01-03T08:19:22","date_gmt":"2023-01-03T08:19:22","guid":{"rendered":"http:\/\/www.becinal.es\/?page_id=3"},"modified":"2023-11-27T09:29:43","modified_gmt":"2023-11-27T09:29:43","slug":"politica-cookies","status":"publish","type":"page","link":"https:\/\/www.becinal.es\/index.php\/politica-cookies\/","title":{"rendered":"Pol\u00edtica de cookies"},"content":{"rendered":"\t\t<div data-elementor-type=\"wp-page\" data-elementor-id=\"3\" class=\"elementor elementor-3\" data-elementor-post-type=\"page\">\n\t\t\t\t\t\t<section class=\"elementor-section elementor-top-section elementor-element elementor-element-1e005c67 elementor-section-boxed elementor-section-height-default elementor-section-height-default\" data-id=\"1e005c67\" data-element_type=\"section\">\n\t\t\t\t\t\t<div class=\"elementor-container elementor-column-gap-default\">\n\t\t\t\t\t<div class=\"elementor-column elementor-col-100 elementor-top-column elementor-element elementor-element-cb2c7b2\" data-id=\"cb2c7b2\" data-element_type=\"column\">\n\t\t\t<div class=\"elementor-widget-wrap elementor-element-populated\">\n\t\t\t\t\t\t<div class=\"elementor-element elementor-element-55ba022a elementor-widget elementor-widget-text-editor\" data-id=\"55ba022a\" data-element_type=\"widget\" data-widget_type=\"text-editor.default\">\n\t\t\t\t<div class=\"elementor-widget-container\">\n\t\t\t\t\t\t\t\t\t<h2>\u00bfQu\u00e9 son las cookies?<\/h2><p>BECINAL, marca comercial registrada de AZZAM VIVIENDA, S.L.U. pone a disposici\u00f3n de los usuarios de la p\u00e1gina web ubicada en la URL <a href=\"https:\/\/www.becinal.es\">www.becinal.es<\/a> (en adelante, el \u201c<strong><em>Sitio Web<\/em><\/strong>\u201d), la presente Pol\u00edtica de Cookies, con la finalidad de ofrecer informaci\u00f3n sobre c\u00f3mo tratamos sus datos personales y protegemos su privacidad e informaci\u00f3n a trav\u00e9s de las cookies.\u00a0<\/p><h4><strong>1. QU\u00c9 SON LAS COOKIES\u00a0<\/strong><\/h4><p>Este Sitio Web utiliza cookies y\/o tecnolog\u00edas similares que almacenan y recuperan informaci\u00f3n cuando navega. Las cookies son archivos peque\u00f1os que las p\u00e1ginas web, aplicaciones m\u00f3viles, tiendas online, intranets, plataformas online o similares, almacenan en el navegador del usuario que las visita y que permiten recuperar informaci\u00f3n ya almacenada y aportar a la navegaci\u00f3n web ventajas en la prestaci\u00f3n de servicios interactivos, as\u00ed como aportar informaci\u00f3n relevante al propietario de la web.\u00a0<\/p><p>En general, estas tecnolog\u00edas sirven para finalidades muy diversas, como, por ejemplo, reconocerle como usuario, obtener informaci\u00f3n sobre sus h\u00e1bitos de navegaci\u00f3n, o personalizar la forma en que se muestra el contenido. Los usos concretos que hacemos de estas tecnolog\u00edas se describen a continuaci\u00f3n.\u00a0<\/p><p>\u00a0<\/p><h4><strong>2. QU\u00c9 TIPOS DE COOKIES UTILIZA ESTE SITIO WEB\u00a0<\/strong><\/h4><p><strong><u>Cookies t\u00e9cnicas<\/u><\/strong>. Son aquellas que permiten al usuario la navegaci\u00f3n a trav\u00e9s de una p\u00e1gina web, plataforma o aplicaci\u00f3n y la utilizaci\u00f3n de las diferentes opciones o servicios que en ella existan, incluyendo aquellas que el editor utiliza para permitir la gesti\u00f3n y operativa de la p\u00e1gina web y habilitar sus funciones y servicios, como, por ejemplo, controlar el tr\u00e1fico y la comunicaci\u00f3n de datos, identificar la sesi\u00f3n, acceder a partes de acceso restringido, controlar el fraude vinculado a la seguridad del servicio, utilizar elementos de seguridad durante la navegaci\u00f3n o habilitar contenidos din\u00e1micos. <strong>La instalaci\u00f3n de estas cookies es necesaria para el funcionamiento de la web<\/strong>.\u00a0<\/p><p>En particular, este Sitio Web utiliza las siguientes cookies:\u00a0<\/p><p>\u00a0<\/p><table width=\"564\"><tbody><tr><td width=\"56\"><p><strong>Tipo\u00a0<\/strong><\/p><\/td><td width=\"113\"><p><strong>Nombre\u00a0<\/strong><\/p><\/td><td width=\"236\"><p><strong>Finalidad\u00a0<\/strong><\/p><\/td><td width=\"75\"><p><strong>Duraci\u00f3n\u00a0<\/strong><\/p><\/td><td width=\"84\"><p><strong>Titular\u00a0<\/strong><\/p><\/td><\/tr><tr><td width=\"56\"><p>T\u00e9cnica\u00a0<\/p><\/td><td width=\"113\"><p>\u00a0Cookieyes-consent<\/p><\/td><td width=\"236\"><p>CookieYes establece esta cookie para recordar las preferencias de consentimiento de los usuarios para que se respeten sus preferencias en sus visitas posteriores a este sitio. No recopila ni almacena ninguna informaci\u00f3n personal de los visitantes del sitio.<\/p><\/td><td width=\"75\"><p>1 a\u00f1o<\/p><\/td><td width=\"84\"><p>Propia\u00a0<\/p><\/td><\/tr><\/tbody><\/table><p>\u00a0<\/p><p>Puede encontrar m\u00e1s informaci\u00f3n sobre la clasificaci\u00f3n de cookies en la <a href=\"https:\/\/www.aepd.es\/es\/documento\/guia-cookies.pdf\">Gu\u00eda sobre el uso de las cookies de la AEPD.<\/a><\/p><p>\u00a0<\/p><h4><strong>3. C\u00d3MO PUEDE BORRAR Y\/O DESACTIVAR LAS COOKIES<\/strong><strong>\u00a0<\/strong><\/h4><p>El usuario tiene derecho a aceptar o rechazar las cookies utilizadas en este Sitio Web.\u00a0 As\u00ed, la primera vez que el usuario accede al Sitio Web, podr\u00e1 establecer sus preferencias. Una vez aceptadas o rechazadas las cookies, puede cambiar sus preferencias en cualquier momento mediante el panel de configuraci\u00f3n.<\/p><p>Del mismo modo, puede permitir, bloquear o eliminar las cookies de este Sitio Web u otros instaladas en su equipo mediante la configuraci\u00f3n de las opciones del navegador instalado en su dispositivo:<\/p><ul><li>Para m\u00e1s informaci\u00f3n sobre Microsoft Edge:\u00a0<\/li><\/ul><p><a href=\"https:\/\/support.microsoft.com\/es-es\/microsoft-edge\/eliminar-las-cookies-en-microsoft-edge-63947406-40ac-c3b8-57b9-2a946a29ae09\">Eliminar las cookies en Microsoft Edge &#8211; Soporte t\u00e9cnico de Microsoft<\/a><\/p><ul><li>Para m\u00e1s informaci\u00f3n sobre Mozilla Firefox:\u00a0<\/li><\/ul><p><a href=\"https:\/\/support.mozilla.org\/es\/kb\/Borrar%20cookies\">Borrar cookies | Ayuda de Firefox (mozilla.org)<\/a><\/p><ul><li>Para m\u00e1s informaci\u00f3n sobre Google Chrome:\u00a0<\/li><\/ul><p><a href=\"https:\/\/support.google.com\/chrome\/answer\/95647?hl=es\">Borrar, habilitar y gestionar cookies en Chrome &#8211; Ordenador &#8211; Ayuda de Google Chrome<\/a><\/p><ul><li>Para m\u00e1s informaci\u00f3n sobre Safari:\u00a0<\/li><\/ul><p><a href=\"https:\/\/support.apple.com\/es-es\/guide\/safari\/sfri11471\/mac\">Borrar las cookies en Safari en el Mac &#8211; Soporte t\u00e9cnico de Apple (ES)<\/a><\/p><p><strong>\u00a0<\/strong><\/p><h4><strong>4.-CAMBIOS EN LA POL\u00cdTICA DE COOKIES<\/strong><\/h4><p>Es posible que actualicemos la Pol\u00edtica de Cookies de nuestro Sitio Web. Por ello, se recomienda al usuario del Sitio Web que revise esta pol\u00edtica cada vez que acceda a nuestro Sitio Web con el objetivo de estar adecuadamente informado sobre c\u00f3mo y para qu\u00e9 usamos las cookies.<\/p><p>\u00daltima actualizaci\u00f3n: noviembre de 2023.<\/p>\t\t\t\t\t\t\t\t<\/div>\n\t\t\t\t<\/div>\n\t\t\t\t\t<\/div>\n\t\t<\/div>\n\t\t\t\t\t<\/div>\n\t\t<\/section>\n\t\t\t\t<\/div>\n\t\t","protected":false},"excerpt":{"rendered":"<p>\u00bfQu\u00e9 son las cookies? BECINAL, marca comercial registrada de AZZAM VIVIENDA, S.L.U. pone a disposici\u00f3n de los usuarios de la p\u00e1gina web ubicada en la URL www.becinal.es (en adelante, el \u201cSitio Web\u201d), la presente Pol\u00edtica de Cookies, con la finalidad de ofrecer informaci\u00f3n sobre c\u00f3mo tratamos sus datos personales y protegemos su privacidad e informaci\u00f3n [&hellip;]<\/p>\n","protected":false},"author":4,"featured_media":0,"parent":0,"menu_order":0,"comment_status":"closed","ping_status":"closed","template":"","meta":{"site-sidebar-layout":"default","site-content-layout":"","ast-site-content-layout":"default","site-content-style":"default","site-sidebar-style":"default","ast-global-header-display":"","ast-banner-title-visibility":"","ast-main-header-display":"","ast-hfb-above-header-display":"","ast-hfb-below-header-display":"","ast-hfb-mobile-header-display":"","site-post-title":"","ast-breadcrumbs-content":"","ast-featured-img":"","footer-sml-layout":"","theme-transparent-header-meta":"","adv-header-id-meta":"","stick-header-meta":"","header-above-stick-meta":"","header-main-stick-meta":"","header-below-stick-meta":"","astra-migrate-meta-layouts":"default","ast-page-background-enabled":"default","ast-page-background-meta":{"desktop":{"background-color":"","background-image":"","background-repeat":"repeat","background-position":"center center","background-size":"auto","background-attachment":"scroll","background-type":"","background-media":"","overlay-type":"","overlay-color":"","overlay-opacity":"","overlay-gradient":""},"tablet":{"background-color":"","background-image":"","background-repeat":"repeat","background-position":"center center","background-size":"auto","background-attachment":"scroll","background-type":"","background-media":"","overlay-type":"","overlay-color":"","overlay-opacity":"","overlay-gradient":""},"mobile":{"background-color":"","background-image":"","background-repeat":"repeat","background-position":"center center","background-size":"auto","background-attachment":"scroll","background-type":"","background-media":"","overlay-type":"","overlay-color":"","overlay-opacity":"","overlay-gradient":""}},"ast-content-background-meta":{"desktop":{"background-color":"var(--ast-global-color-5)","background-image":"","background-repeat":"repeat","background-position":"center center","background-size":"auto","background-attachment":"scroll","background-type":"","background-media":"","overlay-type":"","overlay-color":"","overlay-opacity":"","overlay-gradient":""},"tablet":{"background-color":"var(--ast-global-color-5)","background-image":"","background-repeat":"repeat","background-position":"center center","background-size":"auto","background-attachment":"scroll","background-type":"","background-media":"","overlay-type":"","overlay-color":"","overlay-opacity":"","overlay-gradient":""},"mobile":{"background-color":"var(--ast-global-color-5)","background-image":"","background-repeat":"repeat","background-position":"center center","background-size":"auto","background-attachment":"scroll","background-type":"","background-media":"","overlay-type":"","overlay-color":"","overlay-opacity":"","overlay-gradient":""}},"footnotes":""},"class_list":["post-3","page","type-page","status-publish","hentry"],"yoast_head":"<!-- This site is optimized with the Yoast SEO plugin v26.4 - https:\/\/yoast.com\/wordpress\/plugins\/seo\/ -->\n<title>Pol\u00edtica de cookies - Becinal<\/title>\n<meta name=\"robots\" content=\"index, follow, max-snippet:-1, max-image-preview:large, max-video-preview:-1\" \/>\n<link rel=\"canonical\" href=\"https:\/\/www.becinal.es\/index.php\/politica-cookies\/\" \/>\n<meta property=\"og:locale\" content=\"es_ES\" \/>\n<meta property=\"og:type\" content=\"article\" \/>\n<meta property=\"og:title\" content=\"Pol\u00edtica de cookies - Becinal\" \/>\n<meta property=\"og:description\" content=\"\u00bfQu\u00e9 son las cookies? BECINAL, marca comercial registrada de AZZAM VIVIENDA, S.L.U. pone a disposici\u00f3n de los usuarios de la p\u00e1gina web ubicada en la URL www.becinal.es (en adelante, el \u201cSitio Web\u201d), la presente Pol\u00edtica de Cookies, con la finalidad de ofrecer informaci\u00f3n sobre c\u00f3mo tratamos sus datos personales y protegemos su privacidad e informaci\u00f3n [&hellip;]\" \/>\n<meta property=\"og:url\" content=\"https:\/\/www.becinal.es\/index.php\/politica-cookies\/\" \/>\n<meta property=\"og:site_name\" content=\"Becinal\" \/>\n<meta property=\"article:modified_time\" content=\"2023-11-27T09:29:43+00:00\" \/>\n<meta name=\"twitter:card\" content=\"summary_large_image\" \/>\n<meta name=\"twitter:label1\" content=\"Tiempo de lectura\" \/>\n\t<meta name=\"twitter:data1\" content=\"3 minutos\" \/>\n<script type=\"application\/ld+json\" class=\"yoast-schema-graph\">{\"@context\":\"https:\/\/schema.org\",\"@graph\":[{\"@type\":\"WebPage\",\"@id\":\"https:\/\/www.becinal.es\/index.php\/politica-cookies\/\",\"url\":\"https:\/\/www.becinal.es\/index.php\/politica-cookies\/\",\"name\":\"Pol\u00edtica de cookies - Becinal\",\"isPartOf\":{\"@id\":\"https:\/\/www.becinal.es\/#website\"},\"datePublished\":\"2023-01-03T08:19:22+00:00\",\"dateModified\":\"2023-11-27T09:29:43+00:00\",\"breadcrumb\":{\"@id\":\"https:\/\/www.becinal.es\/index.php\/politica-cookies\/#breadcrumb\"},\"inLanguage\":\"es\",\"potentialAction\":[{\"@type\":\"ReadAction\",\"target\":[\"https:\/\/www.becinal.es\/index.php\/politica-cookies\/\"]}]},{\"@type\":\"BreadcrumbList\",\"@id\":\"https:\/\/www.becinal.es\/index.php\/politica-cookies\/#breadcrumb\",\"itemListElement\":[{\"@type\":\"ListItem\",\"position\":1,\"name\":\"Portada\",\"item\":\"https:\/\/www.becinal.es\/\"},{\"@type\":\"ListItem\",\"position\":2,\"name\":\"Pol\u00edtica de cookies\"}]},{\"@type\":\"WebSite\",\"@id\":\"https:\/\/www.becinal.es\/#website\",\"url\":\"https:\/\/www.becinal.es\/\",\"name\":\"Becinal\",\"description\":\"Becinal es una empresa de administraci\u00f3n y gesti\u00f3n de fincas con m\u00e1s de 8695 hogares satisfechos y con 18 a\u00f1os de experiencia.\",\"publisher\":{\"@id\":\"https:\/\/www.becinal.es\/#organization\"},\"potentialAction\":[{\"@type\":\"SearchAction\",\"target\":{\"@type\":\"EntryPoint\",\"urlTemplate\":\"https:\/\/www.becinal.es\/?s={search_term_string}\"},\"query-input\":{\"@type\":\"PropertyValueSpecification\",\"valueRequired\":true,\"valueName\":\"search_term_string\"}}],\"inLanguage\":\"es\"},{\"@type\":\"Organization\",\"@id\":\"https:\/\/www.becinal.es\/#organization\",\"name\":\"Becinal\",\"url\":\"https:\/\/www.becinal.es\/\",\"logo\":{\"@type\":\"ImageObject\",\"inLanguage\":\"es\",\"@id\":\"https:\/\/www.becinal.es\/#\/schema\/logo\/image\/\",\"url\":\"https:\/\/www.becinal.es\/wp-content\/uploads\/2023\/01\/cropped-cropped-logobecinal-mobile.png\",\"contentUrl\":\"https:\/\/www.becinal.es\/wp-content\/uploads\/2023\/01\/cropped-cropped-logobecinal-mobile.png\",\"width\":310,\"height\":55,\"caption\":\"Becinal\"},\"image\":{\"@id\":\"https:\/\/www.becinal.es\/#\/schema\/logo\/image\/\"}}]}<\/script>\n<!-- \/ Yoast SEO plugin. -->","yoast_head_json":{"title":"Pol\u00edtica de cookies - Becinal","robots":{"index":"index","follow":"follow","max-snippet":"max-snippet:-1","max-image-preview":"max-image-preview:large","max-video-preview":"max-video-preview:-1"},"canonical":"https:\/\/www.becinal.es\/index.php\/politica-cookies\/","og_locale":"es_ES","og_type":"article","og_title":"Pol\u00edtica de cookies - Becinal","og_description":"\u00bfQu\u00e9 son las cookies? BECINAL, marca comercial registrada de AZZAM VIVIENDA, S.L.U. pone a disposici\u00f3n de los usuarios de la p\u00e1gina web ubicada en la URL www.becinal.es (en adelante, el \u201cSitio Web\u201d), la presente Pol\u00edtica de Cookies, con la finalidad de ofrecer informaci\u00f3n sobre c\u00f3mo tratamos sus datos personales y protegemos su privacidad e informaci\u00f3n [&hellip;]","og_url":"https:\/\/www.becinal.es\/index.php\/politica-cookies\/","og_site_name":"Becinal","article_modified_time":"2023-11-27T09:29:43+00:00","twitter_card":"summary_large_image","twitter_misc":{"Tiempo de lectura":"3 minutos"},"schema":{"@context":"https:\/\/schema.org","@graph":[{"@type":"WebPage","@id":"https:\/\/www.becinal.es\/index.php\/politica-cookies\/","url":"https:\/\/www.becinal.es\/index.php\/politica-cookies\/","name":"Pol\u00edtica de cookies - Becinal","isPartOf":{"@id":"https:\/\/www.becinal.es\/#website"},"datePublished":"2023-01-03T08:19:22+00:00","dateModified":"2023-11-27T09:29:43+00:00","breadcrumb":{"@id":"https:\/\/www.becinal.es\/index.php\/politica-cookies\/#breadcrumb"},"inLanguage":"es","potentialAction":[{"@type":"ReadAction","target":["https:\/\/www.becinal.es\/index.php\/politica-cookies\/"]}]},{"@type":"BreadcrumbList","@id":"https:\/\/www.becinal.es\/index.php\/politica-cookies\/#breadcrumb","itemListElement":[{"@type":"ListItem","position":1,"name":"Portada","item":"https:\/\/www.becinal.es\/"},{"@type":"ListItem","position":2,"name":"Pol\u00edtica de cookies"}]},{"@type":"WebSite","@id":"https:\/\/www.becinal.es\/#website","url":"https:\/\/www.becinal.es\/","name":"Becinal","description":"Becinal es una empresa de administraci\u00f3n y gesti\u00f3n de fincas con m\u00e1s de 8695 hogares satisfechos y con 18 a\u00f1os de experiencia.","publisher":{"@id":"https:\/\/www.becinal.es\/#organization"},"potentialAction":[{"@type":"SearchAction","target":{"@type":"EntryPoint","urlTemplate":"https:\/\/www.becinal.es\/?s={search_term_string}"},"query-input":{"@type":"PropertyValueSpecification","valueRequired":true,"valueName":"search_term_string"}}],"inLanguage":"es"},{"@type":"Organization","@id":"https:\/\/www.becinal.es\/#organization","name":"Becinal","url":"https:\/\/www.becinal.es\/","logo":{"@type":"ImageObject","inLanguage":"es","@id":"https:\/\/www.becinal.es\/#\/schema\/logo\/image\/","url":"https:\/\/www.becinal.es\/wp-content\/uploads\/2023\/01\/cropped-cropped-logobecinal-mobile.png","contentUrl":"https:\/\/www.becinal.es\/wp-content\/uploads\/2023\/01\/cropped-cropped-logobecinal-mobile.png","width":310,"height":55,"caption":"Becinal"},"image":{"@id":"https:\/\/www.becinal.es\/#\/schema\/logo\/image\/"}}]}},"_links":{"self":[{"href":"https:\/\/www.becinal.es\/index.php\/wp-json\/wp\/v2\/pages\/3","targetHints":{"allow":["GET"]}}],"collection":[{"href":"https:\/\/www.becinal.es\/index.php\/wp-json\/wp\/v2\/pages"}],"about":[{"href":"https:\/\/www.becinal.es\/index.php\/wp-json\/wp\/v2\/types\/page"}],"author":[{"embeddable":true,"href":"https:\/\/www.becinal.es\/index.php\/wp-json\/wp\/v2\/users\/4"}],"replies":[{"embeddable":true,"href":"https:\/\/www.becinal.es\/index.php\/wp-json\/wp\/v2\/comments?post=3"}],"version-history":[{"count":10,"href":"https:\/\/www.becinal.es\/index.php\/wp-json\/wp\/v2\/pages\/3\/revisions"}],"predecessor-version":[{"id":1380,"href":"https:\/\/www.becinal.es\/index.php\/wp-json\/wp\/v2\/pages\/3\/revisions\/1380"}],"wp:attachment":[{"href":"https:\/\/www.becinal.es\/index.php\/wp-json\/wp\/v2\/media?parent=3"}],"curies":[{"name":"wp","href":"https:\/\/api.w.org\/{rel}","templated":true}]}}