{"id":1354,"date":"2023-11-15T07:35:28","date_gmt":"2023-11-15T07:35:28","guid":{"rendered":"https:\/\/www.becinal.es\/?page_id=1354"},"modified":"2024-06-06T10:06:15","modified_gmt":"2024-06-06T10:06:15","slug":"politica-de-privacidad","status":"publish","type":"page","link":"https:\/\/www.becinal.es\/index.php\/politica-de-privacidad\/","title":{"rendered":"Pol\u00edtica de privacidad"},"content":{"rendered":"\t\t<div data-elementor-type=\"wp-page\" data-elementor-id=\"1354\" class=\"elementor elementor-1354\" data-elementor-post-type=\"page\">\n\t\t\t\t\t\t<section class=\"elementor-section elementor-top-section elementor-element elementor-element-4354dc1a elementor-section-boxed elementor-section-height-default elementor-section-height-default\" data-id=\"4354dc1a\" data-element_type=\"section\">\n\t\t\t\t\t\t<div class=\"elementor-container elementor-column-gap-default\">\n\t\t\t\t\t<div class=\"elementor-column elementor-col-100 elementor-top-column elementor-element elementor-element-7a3fef04\" data-id=\"7a3fef04\" data-element_type=\"column\">\n\t\t\t<div class=\"elementor-widget-wrap elementor-element-populated\">\n\t\t\t\t\t\t<div class=\"elementor-element elementor-element-742e19d0 elementor-widget elementor-widget-text-editor\" data-id=\"742e19d0\" data-element_type=\"widget\" data-widget_type=\"text-editor.default\">\n\t\t\t\t<div class=\"elementor-widget-container\">\n\t\t\t\t\t\t\t\t\t<p><\/p>\n<p>AZZAM VIVIENDA S.LU., pone a disposici\u00f3n de los usuarios de la P\u00e1gina Web de \u201cBecinal\u201d, marca comercial registrada de AZZAM VIVIENDA, S.L.U., ubicada en la URL <a href=\"https:\/\/www.becinal.es\">www.becinal.es<\/a> (en adelante, el \u201c<strong><em>Sitio Web<\/em><\/strong>\u201d), la presente Pol\u00edtica de Privacidad, con la finalidad de ofrecer informaci\u00f3n sobre c\u00f3mo tratamos sus datos personales y protegemos su privacidad e informaci\u00f3n.<\/p>\n<p>AZZAM VIVIENDA, S.L.U., solicita al usuario que dedique unos minutos a leer con detenimiento la presente Pol\u00edtica de Privacidad.<\/p>\n<h4 class=\"wp-block-heading\"><strong>1. INTRODUCCI\u00d3N<\/strong><\/h4>\n<p>AZZAM VIVIENDA, S.L.U., es una entidad con domicilio social en calle Gregorio Ben\u00edtez, n\u00famero 3, Edificio B, Planta 2, C.P. 28043, Madrid, con N\u00famero de Identificaci\u00f3n Fiscal B31347602, inscrita en el Registro Mercantil de Madrid, en el Tomo 28402, Folio 108, Hoja M-511454, cuya marca comercial registrada para la gesti\u00f3n y administraci\u00f3n de comunidades de propietarios es \u201cBecinal\u201d (en adelante, \u201c<strong><em>BECINAL<\/em><\/strong>\u201d). La presente Pol\u00edtica de Privacidad resulta de aplicaci\u00f3n a la P\u00e1gina Web de BECINAL, puesta a disposici\u00f3n del p\u00fablico en la URL <a href=\"https:\/\/www.becinal.es\">www.becinal.es<\/a> , as\u00ed como a las interacciones que el usuario realiza con BECINAL trav\u00e9s de dicha p\u00e1gina web o a trav\u00e9s del correo electr\u00f3nico.<\/p>\n<p>BECINAL podr\u00e1 modificar esta Pol\u00edtica de Privacidad cuando resulte necesario. En caso de introducirse modificaciones, se lo comunicaremos a trav\u00e9s de la P\u00e1gina Web o bien por otros medios, con la finalidad de que pueda conocer las nuevas condiciones de Privacidad. El hecho de continuar haciendo uso de las funcionalidades puestas a disposici\u00f3n por BECINAL despu\u00e9s de haberle notificado las referidas modificaciones supondr\u00e1 que est\u00e1 de acuerdo con las mismas, salvo para los supuestos en los que sea necesario su consentimiento expreso.<\/p>\n<h4><strong>2. QUI\u00c9N ES EL RESPONSABLE DEL TRATAMIENTO DE SUS DATOS PERSONALES<\/strong><\/h4>\n<p>El responsable del tratamiento de los datos personales es BECINAL. Para garantizar la adecuada gesti\u00f3n en el tratamiento de sus datos, BECINAL tiene designado un Delegado de Protecci\u00f3n de Datos, a quien podr\u00e1 dirigirse para cualquier cuesti\u00f3n que precise y con quien puede contactar en la direcci\u00f3n electr\u00f3nica <a href=\"mailto:rslopd@azzam.es\">rslopd@azzam.<\/a>es.<\/p>\n<h4><strong>3. CON QU\u00c9 FINALIDADES TRATAMOS SUS DATOS PERSONALES<\/strong><\/h4>\n<p>Los datos personales que sean facilitados por los usuarios del Sitio Web o que contacten con BECINAL por otro medio, podr\u00e1n ser tratados por BECINAL para las siguientes finalidades, en funci\u00f3n de las interacciones que el usuario entable con BECINAL.<\/p>\n<ul>\n<li><strong>Contactar, gestionar y tramitar las consultas y solicitudes de los usuarios del Sitio Web<\/strong>: Los datos personales de los usuarios que contactan con BECINAL a trav\u00e9s de cualquiera de los canales de contacto puestos a disposici\u00f3n mediante la P\u00e1gina Web con la finalidad de recibir consultas y\/o solicitudes de los usuarios, ser\u00e1n tratados con las finalidades de mantener el contacto entre las partes, realizar la gesti\u00f3n de los usuarios del Sitio Web, prestar servicios de atenci\u00f3n al cliente y gestionar y tramitar las solicitudes o consultas que nos haga llegar el usuario a trav\u00e9s de los canales habilitados para ello por BECINAL.<\/li>\n<\/ul>\n<h4><strong>4. QU\u00c9 DATOS SON TRATADOS POR BECINAL Y DE QU\u00c9 FUENTES PROCEDEN<\/strong><\/h4>\n<p>Los datos que BECINAL trata como consecuencia de las interacciones realizadas por el usuario a trav\u00e9s de nuestra p\u00e1gina web provienen de las siguientes fuentes:<\/p>\n<ul>\n<li>Datos aportados por el usuario mediante la cumplimentaci\u00f3n de los espacios para gestionar la comunicaci\u00f3n con los usuarios puestos a disposici\u00f3n por BECINAL o por cualquier otra v\u00eda mediante la que el usuario entable comunicaci\u00f3n con BECINAL.<\/li>\n<li>Datos generados como consecuencia del desarrollo, tramitaci\u00f3n y mantenimiento de la relaci\u00f3n entablada entre el usuario y BECINAL.<\/li>\n<\/ul>\n<p>BECINAL podr\u00e1 tratar datos personales de las siguientes tipolog\u00edas, en funci\u00f3n de la relaci\u00f3n entablada con el usuario:<\/p>\n<ul>\n<li><strong>Datos identificativos y de contacto<\/strong> (p.ej., nombre y apellidos, correo electr\u00f3nico, direcci\u00f3n postal, tel\u00e9fono, etc.).<\/li>\n<li><strong>Otras tipolog\u00edas de datos<\/strong>. Exclusivamente en caso de que el usuario aporte otras tipolog\u00edas de datos en las interacciones que entable con BECINAL, tales datos ser\u00e1n tratados por BECINAL \u00fanicamente en caso de que su tratamiento resulte preciso en atenci\u00f3n a la finalidad perseguida. En caso contrario, los datos ser\u00e1n destruidos sin haber sido guardados ni tratados previamente por parte de BECINAL.<\/li>\n<\/ul>\n<h4><strong>5. CU\u00c1L ES LA LEGITIMACI\u00d3N LEGAL PARA EL TRATAMIENTO DE SUS DATOS<\/strong><\/h4>\n<p>El tratamiento de sus datos para la finalidad de \u201cContactar, gestionar y tramitar las consultas y solicitudes de los usuarios del Sitio Web\u201d se basa en su necesidad para la ejecuci\u00f3n de un contrato entre el usuario y BECINAL del que el interesado es parte, o para la aplicaci\u00f3n a petici\u00f3n de este de medidas precontractuales; es decir, en la gesti\u00f3n de su propia solicitud, en el mantenimiento del contacto entre las partes y, en su caso, en la prestaci\u00f3n del servicio que el usuario hubiera solicitado.<\/p>\n<h4><strong>6. A QUI\u00c9N SE COMUNICAN SUS DATOS<\/strong><\/h4>\n<p>Sus datos podr\u00e1n ser comunicados a otras sociedades del grupo empresarial de BECINAL que ejerzan en la entidad funciones de, entre otras, direcci\u00f3n, control, gesti\u00f3n de los recursos humanos, vigilancia del cumplimiento normativo o auditor\u00eda. La finalidad de dicha comunicaci\u00f3n de datos es posibilitar la gesti\u00f3n y desarrollo de los tr\u00e1mites oportunos establecidos normativamente puesto que otras sociedades del grupo empresarial pueden ser las entidades mercantiles que tienen que atender la consulta. La base legitimadora de esta comunicaci\u00f3n de datos es el inter\u00e9s leg\u00edtimo de BECINAL para organizar los recursos humanos y t\u00e9cnicos de su grupo empresarial.<\/p>\n<p>Sus datos no ser\u00e1n comunicados a otros terceros, salvo que expresamente lo exija una normativa o se cuente con el consentimiento del interesado.<\/p>\n<h4><strong>7. POR CU\u00c1NTO TIEMPO CONSERVAMOS SUS DATOS<\/strong><\/h4>\n<p>BECINAL conservar\u00e1 sus datos personales durante el tiempo necesario para la prestaci\u00f3n del servicio solicitado y\/o para alcanzar la finalidad de tratamiento perseguida.<\/p>\n<p>Posteriormente, siempre que el usuario no haya ejercido su derecho de supresi\u00f3n, sus datos ser\u00e1n conservados durante los plazos legales que en cada caso resulten de aplicaci\u00f3n, teniendo en cuenta la tipolog\u00eda de datos, as\u00ed como la finalidad del tratamiento.<\/p>\n<p>En cualquier caso, el usuario puede solicitar informaci\u00f3n detallada sobre los plazos de conservaci\u00f3n de datos aplicados en BECINAL poni\u00e9ndose en contacto con el Delegado de Protecci\u00f3n de Datos de Grupo Azora, a quien puede contactar en la direcci\u00f3n <a style=\"font-size: 1rem; background-color: #f3f6f3; outline: 0px;\" href=\"mailto:rslopd@azzam.es\">rslopd@azzam.<\/a><span style=\"background-color: var(--ast-global-color-4); color: var(--ast-global-color-3); font-size: 1rem;\">es<\/span><span style=\"background-color: var(--ast-global-color-4); color: var(--ast-global-color-3); font-size: 1rem;\">.<\/span><\/p>\n<h4><strong>8. QU\u00c9 DATOS PERSONALES DEBE FACILITARNOS <\/strong><\/h4>\n<p>BECINAL informa a los usuarios que, cuando los datos personales sean recabados a trav\u00e9s de un formulario puesto a disposici\u00f3n a trav\u00e9s del Sitio web, ser\u00e1 necesario que el usuario aporte, al menos, los datos que sean indicados como obligatorios en el formulario de que se trate. En caso de no suministrar al menos tales datos, considerados como necesarios, BECINAL no podr\u00e1 gestionar el servicio o la consulta formulada por el usuario.<\/p>\n<h4><strong>9. QU\u00c9 DEBE GARANTIZARNOS AL APORTAR SUS DATOS DE CAR\u00c1CTER PERSONAL<\/strong><\/h4>\n<p>El usuario garantiza que los datos que aporta son verdaderos, exactos, completos y se encuentran actualizados, siendo responsable de cualquier da\u00f1o o perjuicio, directo o indirecto, que pudiera ocasionarse como consecuencia del incumplimiento de tal obligaci\u00f3n.<\/p>\n<p>En caso de que el usuario aporte datos pertenecientes a un tercero, garantiza que ha informado a dicho tercero de la totalidad de aspectos contenidos en la presente Pol\u00edtica de Privacidad y obtenido su consentimiento para facilitarnos sus datos para la finalidad de tratamiento de que se trate. Todo ello, con car\u00e1cter previo al suministro de datos de un tercero a trav\u00e9s del Sitio web.<\/p>\n<p>BECINAL le informa que, para aportar sus datos personales, de cualquier modo, a trav\u00e9s de nuestra p\u00e1gina web, debe ser mayor de 18 a\u00f1os. El usuario que proporciona datos a BECINAL mediante la presente p\u00e1gina web declara y garantiza ser mayor de 18 a\u00f1os, responsabiliz\u00e1ndose enteramente de tal declaraci\u00f3n.<\/p>\n<h4><strong>10. QU\u00c9 MEDIDAS ADOPTAMOS PARA PROTEGER SUS DATOS PERSONALES<\/strong><\/h4>\n<p>En respuesta a la preocupaci\u00f3n de BECINAL por garantizar la seguridad y confidencialidad de sus datos, se han adoptado los niveles de seguridad requeridos para la protecci\u00f3n de los datos personales y se han instalado los medios t\u00e9cnicos a su alcance para evitar la p\u00e9rdida, mal uso, alteraci\u00f3n, acceso no autorizado y robo de los datos personales facilitados a trav\u00e9s del Sitio Web. En todo caso, debe tener en consideraci\u00f3n que las medidas de seguridad en Internet no son inexpugnables.<\/p>\n<h4><strong>11. CU\u00c1LES SON SUS DERECHOS SOBRE SUS DATOS PERSONALES<\/strong><\/h4>\n<p>BECINAL le informa que usted cuenta con los siguientes derechos sobre sus datos personales:<\/p>\n<ul>\n<li><strong>Acceder a sus datos<\/strong>: Tiene derecho a obtener confirmaci\u00f3n sobre si estamos tratando datos personales que le conciernen o no y a acceder a sus datos para conocer qu\u00e9 datos personales estamos tratando.<\/li>\n<li><strong>Solicitar la rectificaci\u00f3n o supresi\u00f3n de sus datos<\/strong>: En determinadas circunstancias, tiene derecho a rectificar aquellos datos personales que considere inexactos y que le conciernan, y que sean objeto de tratamiento por parte de BECINAL, as\u00ed como derecho a solicitar la supresi\u00f3n de sus datos cuando, entre otros motivos, los datos ya no fueran necesarios para los fines que fueron recogidos.<\/li>\n<li><strong>Solicitar la limitaci\u00f3n del tratamiento de sus datos<\/strong>: En determinadas circunstancias, tendr\u00e1 derecho a solicitarnos la limitaci\u00f3n del tratamiento de sus datos, en cuyo caso le informamos que \u00fanicamente conservaremos los datos sobre los que haya solicitado limitaci\u00f3n en el tratamiento para el ejercicio o defensa de reclamaciones.<\/li>\n<li><strong>A la portabilidad de sus datos<\/strong>: En determinadas circunstancias, tendr\u00e1 derecho a recibir los datos personales que le incumban, y que nos haya facilitado, en un formato estructurado de uso com\u00fan y lectura mec\u00e1nica, as\u00ed como a que sean transmitidos por parte de BECINAL a otro responsable del tratamiento.<\/li>\n<li><strong>Oponerse al tratamiento de sus datos<\/strong>: En determinadas circunstancias y por motivos relacionados con su situaci\u00f3n particular, tendr\u00e1 derecho a oponerse al tratamiento de sus datos en cuyo caso, dejar\u00edamos de tratarlos salvo que debamos continuar haci\u00e9ndolo por motivos leg\u00edtimos imperiosos o para el ejercicio o la defensa de posibles reclamaciones.<\/li>\n<\/ul>\n<p>Asimismo, le recordamos que tiene derecho a retirar cualquiera de los consentimientos que hubiera prestado para el tratamiento de sus datos, sin que ello afecte a la licitud del tratamiento basado en el consentimiento previo a su retirada.<\/p>\n<p>Podr\u00e1 ejercitar sus derechos sobre sus datos personales mediante escrito dirigido a BECINAL, identificado con la referencia \u201cProtecci\u00f3n de Datos\u201d que podr\u00e1 remitir a una de las siguientes direcciones: calle Gregorio Ben\u00edtez, n\u00famero 3, Edificio B, Planta 2, C.P. 28043, Madrid o\u00a0<a style=\"font-size: 1rem; background-color: #f3f6f3; outline: 0px;\" href=\"mailto:rslopd@azzam.es\">rslopd@azzam.<\/a><span style=\"background-color: var(--ast-global-color-4); color: var(--ast-global-color-3); font-size: 1rem;\">es<\/span><span style=\"background-color: var(--ast-global-color-4); color: var(--ast-global-color-3); font-size: 1rem;\">.<\/span><\/p>\n<p>En caso de que la solicitud no sea atendida, se podr\u00e1 presentar reclamaci\u00f3n ante el Delegado de Protecci\u00f3n de Datos en la direcci\u00f3n de correo electr\u00f3nico\u00a0<a style=\"font-size: 1rem; background-color: #f3f6f3; outline: 0px;\" href=\"mailto:rslopd@azzam.es\">rslopd@azzam.<\/a><span style=\"background-color: var(--ast-global-color-4); color: var(--ast-global-color-3); font-size: 1rem;\">es<\/span><span style=\"font-style: inherit; font-weight: inherit; background-color: var(--ast-global-color-4); color: var(--ast-global-color-3);\">, o ante la autoridad de control competente en materia de protecci\u00f3n de datos.<\/span><\/p>\n<h4><strong>12. CAMBIOS EN LA POL\u00cdTICA DE PRIVACIDAD<\/strong><\/h4>\n<p>Es posible que actualicemos la Pol\u00edtica de Privacidad de nuestro Sitio Web. Por ello, se recomienda al usuario del Sitio Web que revise esta pol\u00edtica cada vez que acceda a nuestro Sitio Web con el objetivo de estar adecuadamente informado sobre c\u00f3mo tratamos sus datos personales y protegemos su privacidad e informaci\u00f3n.<\/p>\n<p>\u00daltima actualizaci\u00f3n: noviembre 2023.<\/p>\n<p><\/p>\t\t\t\t\t\t\t\t<\/div>\n\t\t\t\t<\/div>\n\t\t\t\t\t<\/div>\n\t\t<\/div>\n\t\t\t\t\t<\/div>\n\t\t<\/section>\n\t\t\t\t<\/div>\n\t\t","protected":false},"excerpt":{"rendered":"<p>AZZAM VIVIENDA S.LU., pone a disposici\u00f3n de los usuarios de la P\u00e1gina Web de \u201cBecinal\u201d, marca comercial registrada de AZZAM VIVIENDA, S.L.U., ubicada en la URL www.becinal.es (en adelante, el \u201cSitio Web\u201d), la presente Pol\u00edtica de Privacidad, con la finalidad de ofrecer informaci\u00f3n sobre c\u00f3mo tratamos sus datos personales y protegemos su privacidad e informaci\u00f3n. [&hellip;]<\/p>\n","protected":false},"author":4,"featured_media":0,"parent":0,"menu_order":0,"comment_status":"closed","ping_status":"closed","template":"","meta":{"site-sidebar-layout":"default","site-content-layout":"","ast-site-content-layout":"default","site-content-style":"default","site-sidebar-style":"default","ast-global-header-display":"","ast-banner-title-visibility":"","ast-main-header-display":"","ast-hfb-above-header-display":"","ast-hfb-below-header-display":"","ast-hfb-mobile-header-display":"","site-post-title":"","ast-breadcrumbs-content":"","ast-featured-img":"","footer-sml-layout":"","theme-transparent-header-meta":"","adv-header-id-meta":"","stick-header-meta":"","header-above-stick-meta":"","header-main-stick-meta":"","header-below-stick-meta":"","astra-migrate-meta-layouts":"default","ast-page-background-enabled":"default","ast-page-background-meta":{"desktop":{"background-color":"","background-image":"","background-repeat":"repeat","background-position":"center center","background-size":"auto","background-attachment":"scroll","background-type":"","background-media":"","overlay-type":"","overlay-color":"","overlay-opacity":"","overlay-gradient":""},"tablet":{"background-color":"","background-image":"","background-repeat":"repeat","background-position":"center center","background-size":"auto","background-attachment":"scroll","background-type":"","background-media":"","overlay-type":"","overlay-color":"","overlay-opacity":"","overlay-gradient":""},"mobile":{"background-color":"","background-image":"","background-repeat":"repeat","background-position":"center center","background-size":"auto","background-attachment":"scroll","background-type":"","background-media":"","overlay-type":"","overlay-color":"","overlay-opacity":"","overlay-gradient":""}},"ast-content-background-meta":{"desktop":{"background-color":"var(--ast-global-color-5)","background-image":"","background-repeat":"repeat","background-position":"center center","background-size":"auto","background-attachment":"scroll","background-type":"","background-media":"","overlay-type":"","overlay-color":"","overlay-opacity":"","overlay-gradient":""},"tablet":{"background-color":"var(--ast-global-color-5)","background-image":"","background-repeat":"repeat","background-position":"center center","background-size":"auto","background-attachment":"scroll","background-type":"","background-media":"","overlay-type":"","overlay-color":"","overlay-opacity":"","overlay-gradient":""},"mobile":{"background-color":"var(--ast-global-color-5)","background-image":"","background-repeat":"repeat","background-position":"center center","background-size":"auto","background-attachment":"scroll","background-type":"","background-media":"","overlay-type":"","overlay-color":"","overlay-opacity":"","overlay-gradient":""}},"footnotes":""},"class_list":["post-1354","page","type-page","status-publish","hentry"],"yoast_head":"<!-- This site is optimized with the Yoast SEO plugin v26.4 - https:\/\/yoast.com\/wordpress\/plugins\/seo\/ -->\n<title>Pol\u00edtica de privacidad - Becinal<\/title>\n<meta name=\"robots\" content=\"index, follow, max-snippet:-1, max-image-preview:large, max-video-preview:-1\" \/>\n<link rel=\"canonical\" href=\"https:\/\/www.becinal.es\/index.php\/politica-de-privacidad\/\" \/>\n<meta property=\"og:locale\" content=\"es_ES\" \/>\n<meta property=\"og:type\" content=\"article\" \/>\n<meta property=\"og:title\" content=\"Pol\u00edtica de privacidad - Becinal\" \/>\n<meta property=\"og:description\" content=\"AZZAM VIVIENDA S.LU., pone a disposici\u00f3n de los usuarios de la P\u00e1gina Web de \u201cBecinal\u201d, marca comercial registrada de AZZAM VIVIENDA, S.L.U., ubicada en la URL www.becinal.es (en adelante, el \u201cSitio Web\u201d), la presente Pol\u00edtica de Privacidad, con la finalidad de ofrecer informaci\u00f3n sobre c\u00f3mo tratamos sus datos personales y protegemos su privacidad e informaci\u00f3n. [&hellip;]\" \/>\n<meta property=\"og:url\" content=\"https:\/\/www.becinal.es\/index.php\/politica-de-privacidad\/\" \/>\n<meta property=\"og:site_name\" content=\"Becinal\" \/>\n<meta property=\"article:modified_time\" content=\"2024-06-06T10:06:15+00:00\" \/>\n<meta name=\"twitter:card\" content=\"summary_large_image\" \/>\n<meta name=\"twitter:label1\" content=\"Tiempo de lectura\" \/>\n\t<meta name=\"twitter:data1\" content=\"10 minutos\" \/>\n<script type=\"application\/ld+json\" class=\"yoast-schema-graph\">{\"@context\":\"https:\/\/schema.org\",\"@graph\":[{\"@type\":\"WebPage\",\"@id\":\"https:\/\/www.becinal.es\/index.php\/politica-de-privacidad\/\",\"url\":\"https:\/\/www.becinal.es\/index.php\/politica-de-privacidad\/\",\"name\":\"Pol\u00edtica de privacidad - Becinal\",\"isPartOf\":{\"@id\":\"https:\/\/www.becinal.es\/#website\"},\"datePublished\":\"2023-11-15T07:35:28+00:00\",\"dateModified\":\"2024-06-06T10:06:15+00:00\",\"breadcrumb\":{\"@id\":\"https:\/\/www.becinal.es\/index.php\/politica-de-privacidad\/#breadcrumb\"},\"inLanguage\":\"es\",\"potentialAction\":[{\"@type\":\"ReadAction\",\"target\":[\"https:\/\/www.becinal.es\/index.php\/politica-de-privacidad\/\"]}]},{\"@type\":\"BreadcrumbList\",\"@id\":\"https:\/\/www.becinal.es\/index.php\/politica-de-privacidad\/#breadcrumb\",\"itemListElement\":[{\"@type\":\"ListItem\",\"position\":1,\"name\":\"Portada\",\"item\":\"https:\/\/www.becinal.es\/\"},{\"@type\":\"ListItem\",\"position\":2,\"name\":\"Pol\u00edtica de privacidad\"}]},{\"@type\":\"WebSite\",\"@id\":\"https:\/\/www.becinal.es\/#website\",\"url\":\"https:\/\/www.becinal.es\/\",\"name\":\"Becinal\",\"description\":\"Becinal es una empresa de administraci\u00f3n y gesti\u00f3n de fincas con m\u00e1s de 8695 hogares satisfechos y con 18 a\u00f1os de experiencia.\",\"publisher\":{\"@id\":\"https:\/\/www.becinal.es\/#organization\"},\"potentialAction\":[{\"@type\":\"SearchAction\",\"target\":{\"@type\":\"EntryPoint\",\"urlTemplate\":\"https:\/\/www.becinal.es\/?s={search_term_string}\"},\"query-input\":{\"@type\":\"PropertyValueSpecification\",\"valueRequired\":true,\"valueName\":\"search_term_string\"}}],\"inLanguage\":\"es\"},{\"@type\":\"Organization\",\"@id\":\"https:\/\/www.becinal.es\/#organization\",\"name\":\"Becinal\",\"url\":\"https:\/\/www.becinal.es\/\",\"logo\":{\"@type\":\"ImageObject\",\"inLanguage\":\"es\",\"@id\":\"https:\/\/www.becinal.es\/#\/schema\/logo\/image\/\",\"url\":\"https:\/\/www.becinal.es\/wp-content\/uploads\/2023\/01\/cropped-cropped-logobecinal-mobile.png\",\"contentUrl\":\"https:\/\/www.becinal.es\/wp-content\/uploads\/2023\/01\/cropped-cropped-logobecinal-mobile.png\",\"width\":310,\"height\":55,\"caption\":\"Becinal\"},\"image\":{\"@id\":\"https:\/\/www.becinal.es\/#\/schema\/logo\/image\/\"}}]}<\/script>\n<!-- \/ Yoast SEO plugin. -->","yoast_head_json":{"title":"Pol\u00edtica de privacidad - Becinal","robots":{"index":"index","follow":"follow","max-snippet":"max-snippet:-1","max-image-preview":"max-image-preview:large","max-video-preview":"max-video-preview:-1"},"canonical":"https:\/\/www.becinal.es\/index.php\/politica-de-privacidad\/","og_locale":"es_ES","og_type":"article","og_title":"Pol\u00edtica de privacidad - Becinal","og_description":"AZZAM VIVIENDA S.LU., pone a disposici\u00f3n de los usuarios de la P\u00e1gina Web de \u201cBecinal\u201d, marca comercial registrada de AZZAM VIVIENDA, S.L.U., ubicada en la URL www.becinal.es (en adelante, el \u201cSitio Web\u201d), la presente Pol\u00edtica de Privacidad, con la finalidad de ofrecer informaci\u00f3n sobre c\u00f3mo tratamos sus datos personales y protegemos su privacidad e informaci\u00f3n. [&hellip;]","og_url":"https:\/\/www.becinal.es\/index.php\/politica-de-privacidad\/","og_site_name":"Becinal","article_modified_time":"2024-06-06T10:06:15+00:00","twitter_card":"summary_large_image","twitter_misc":{"Tiempo de lectura":"10 minutos"},"schema":{"@context":"https:\/\/schema.org","@graph":[{"@type":"WebPage","@id":"https:\/\/www.becinal.es\/index.php\/politica-de-privacidad\/","url":"https:\/\/www.becinal.es\/index.php\/politica-de-privacidad\/","name":"Pol\u00edtica de privacidad - Becinal","isPartOf":{"@id":"https:\/\/www.becinal.es\/#website"},"datePublished":"2023-11-15T07:35:28+00:00","dateModified":"2024-06-06T10:06:15+00:00","breadcrumb":{"@id":"https:\/\/www.becinal.es\/index.php\/politica-de-privacidad\/#breadcrumb"},"inLanguage":"es","potentialAction":[{"@type":"ReadAction","target":["https:\/\/www.becinal.es\/index.php\/politica-de-privacidad\/"]}]},{"@type":"BreadcrumbList","@id":"https:\/\/www.becinal.es\/index.php\/politica-de-privacidad\/#breadcrumb","itemListElement":[{"@type":"ListItem","position":1,"name":"Portada","item":"https:\/\/www.becinal.es\/"},{"@type":"ListItem","position":2,"name":"Pol\u00edtica de privacidad"}]},{"@type":"WebSite","@id":"https:\/\/www.becinal.es\/#website","url":"https:\/\/www.becinal.es\/","name":"Becinal","description":"Becinal es una empresa de administraci\u00f3n y gesti\u00f3n de fincas con m\u00e1s de 8695 hogares satisfechos y con 18 a\u00f1os de experiencia.","publisher":{"@id":"https:\/\/www.becinal.es\/#organization"},"potentialAction":[{"@type":"SearchAction","target":{"@type":"EntryPoint","urlTemplate":"https:\/\/www.becinal.es\/?s={search_term_string}"},"query-input":{"@type":"PropertyValueSpecification","valueRequired":true,"valueName":"search_term_string"}}],"inLanguage":"es"},{"@type":"Organization","@id":"https:\/\/www.becinal.es\/#organization","name":"Becinal","url":"https:\/\/www.becinal.es\/","logo":{"@type":"ImageObject","inLanguage":"es","@id":"https:\/\/www.becinal.es\/#\/schema\/logo\/image\/","url":"https:\/\/www.becinal.es\/wp-content\/uploads\/2023\/01\/cropped-cropped-logobecinal-mobile.png","contentUrl":"https:\/\/www.becinal.es\/wp-content\/uploads\/2023\/01\/cropped-cropped-logobecinal-mobile.png","width":310,"height":55,"caption":"Becinal"},"image":{"@id":"https:\/\/www.becinal.es\/#\/schema\/logo\/image\/"}}]}},"_links":{"self":[{"href":"https:\/\/www.becinal.es\/index.php\/wp-json\/wp\/v2\/pages\/1354","targetHints":{"allow":["GET"]}}],"collection":[{"href":"https:\/\/www.becinal.es\/index.php\/wp-json\/wp\/v2\/pages"}],"about":[{"href":"https:\/\/www.becinal.es\/index.php\/wp-json\/wp\/v2\/types\/page"}],"author":[{"embeddable":true,"href":"https:\/\/www.becinal.es\/index.php\/wp-json\/wp\/v2\/users\/4"}],"replies":[{"embeddable":true,"href":"https:\/\/www.becinal.es\/index.php\/wp-json\/wp\/v2\/comments?post=1354"}],"version-history":[{"count":9,"href":"https:\/\/www.becinal.es\/index.php\/wp-json\/wp\/v2\/pages\/1354\/revisions"}],"predecessor-version":[{"id":1432,"href":"https:\/\/www.becinal.es\/index.php\/wp-json\/wp\/v2\/pages\/1354\/revisions\/1432"}],"wp:attachment":[{"href":"https:\/\/www.becinal.es\/index.php\/wp-json\/wp\/v2\/media?parent=1354"}],"curies":[{"name":"wp","href":"https:\/\/api.w.org\/{rel}","templated":true}]}}